{"id":3034,"date":"2021-03-22T19:47:33","date_gmt":"2021-03-22T16:47:33","guid":{"rendered":"http:\/\/www.tuncpet.com\/?post_type=product&#038;p=3034"},"modified":"2021-04-06T20:24:40","modified_gmt":"2021-04-06T17:24:40","slug":"250-ml-yuvarlak","status":"publish","type":"product","link":"https:\/\/tuncpet.com\/?product=250-ml-yuvarlak","title":{"rendered":"250 ML YUVARLAK"},"content":{"rendered":"<h3>Genel Bak\u0131\u015f<\/h3>\n<p>Temizlik, Kimyasal<\/p>\n<h3>\u00d6zellikler<\/h3>\n<p>Ayr\u0131nt\u0131l\u0131 bilgi i\u00e7in ileti\u015fime ge\u00e7iniz<\/p>\n","protected":false},"excerpt":{"rendered":"<p>250 ml Yuvarlak<\/p>\n","protected":false},"featured_media":3137,"comment_status":"open","ping_status":"closed","template":"","meta":[],"_links":{"self":[{"href":"https:\/\/tuncpet.com\/index.php?rest_route=\/wp\/v2\/product\/3034"}],"collection":[{"href":"https:\/\/tuncpet.com\/index.php?rest_route=\/wp\/v2\/product"}],"about":[{"href":"https:\/\/tuncpet.com\/index.php?rest_route=\/wp\/v2\/types\/product"}],"replies":[{"embeddable":true,"href":"https:\/\/tuncpet.com\/index.php?rest_route=%2Fwp%2Fv2%2Fcomments&post=3034"}],"wp:featuredmedia":[{"embeddable":true,"href":"https:\/\/tuncpet.com\/index.php?rest_route=\/wp\/v2\/media\/3137"}],"wp:attachment":[{"href":"https:\/\/tuncpet.com\/index.php?rest_route=%2Fwp%2Fv2%2Fmedia&parent=3034"}],"curies":[{"name":"wp","href":"https:\/\/api.w.org\/{rel}","templated":true}]}}