{"id":3038,"date":"2021-03-22T19:50:59","date_gmt":"2021-03-22T16:50:59","guid":{"rendered":"http:\/\/www.tuncpet.com\/?post_type=product&#038;p=3038"},"modified":"2021-03-22T21:12:58","modified_gmt":"2021-03-22T18:12:58","slug":"500-ml-sivi-sabun","status":"publish","type":"product","link":"https:\/\/tuncpet.com\/?product=500-ml-sivi-sabun","title":{"rendered":"500 ML SIVI SABUN"},"content":{"rendered":"<h3>Genel Bak\u0131\u015f<\/h3>\n<p>Temizlik, Kimyasal<\/p>\n<h3>\u00d6zellikler<\/h3>\n<p>Ayr\u0131nt\u0131l\u0131 bilgi i\u00e7in ileti\u015fime ge\u00e7iniz<\/p>\n","protected":false},"excerpt":{"rendered":"<p>500 ml S\u0131v\u0131 Sabun<\/p>\n","protected":false},"featured_media":3068,"comment_status":"open","ping_status":"closed","template":"","meta":[],"_links":{"self":[{"href":"https:\/\/tuncpet.com\/index.php?rest_route=\/wp\/v2\/product\/3038"}],"collection":[{"href":"https:\/\/tuncpet.com\/index.php?rest_route=\/wp\/v2\/product"}],"about":[{"href":"https:\/\/tuncpet.com\/index.php?rest_route=\/wp\/v2\/types\/product"}],"replies":[{"embeddable":true,"href":"https:\/\/tuncpet.com\/index.php?rest_route=%2Fwp%2Fv2%2Fcomments&post=3038"}],"wp:featuredmedia":[{"embeddable":true,"href":"https:\/\/tuncpet.com\/index.php?rest_route=\/wp\/v2\/media\/3068"}],"wp:attachment":[{"href":"https:\/\/tuncpet.com\/index.php?rest_route=%2Fwp%2Fv2%2Fmedia&parent=3038"}],"curies":[{"name":"wp","href":"https:\/\/api.w.org\/{rel}","templated":true}]}}