{"id":3079,"date":"2021-03-22T21:33:08","date_gmt":"2021-03-22T18:33:08","guid":{"rendered":"http:\/\/www.tuncpet.com\/?post_type=product&#038;p=3079"},"modified":"2021-03-22T21:33:15","modified_gmt":"2021-03-22T18:33:15","slug":"1000-ml-selin","status":"publish","type":"product","link":"https:\/\/tuncpet.com\/?product=1000-ml-selin","title":{"rendered":"1000 ML SEL\u0130N"},"content":{"rendered":"<h3>Genel Bak\u0131\u015f<\/h3>\n<p>Temizlik, Kimyasal, Kozmetik, G\u0131da<\/p>\n<h3>\u00d6zellikler<\/h3>\n<p>Ayr\u0131nt\u0131l\u0131 bilgi i\u00e7in ileti\u015fime ge\u00e7iniz<\/p>\n","protected":false},"excerpt":{"rendered":"<p>100 ml Selin<\/p>\n","protected":false},"featured_media":3081,"comment_status":"open","ping_status":"closed","template":"","meta":[],"_links":{"self":[{"href":"https:\/\/tuncpet.com\/index.php?rest_route=\/wp\/v2\/product\/3079"}],"collection":[{"href":"https:\/\/tuncpet.com\/index.php?rest_route=\/wp\/v2\/product"}],"about":[{"href":"https:\/\/tuncpet.com\/index.php?rest_route=\/wp\/v2\/types\/product"}],"replies":[{"embeddable":true,"href":"https:\/\/tuncpet.com\/index.php?rest_route=%2Fwp%2Fv2%2Fcomments&post=3079"}],"wp:featuredmedia":[{"embeddable":true,"href":"https:\/\/tuncpet.com\/index.php?rest_route=\/wp\/v2\/media\/3081"}],"wp:attachment":[{"href":"https:\/\/tuncpet.com\/index.php?rest_route=%2Fwp%2Fv2%2Fmedia&parent=3079"}],"curies":[{"name":"wp","href":"https:\/\/api.w.org\/{rel}","templated":true}]}}