{"id":3183,"date":"2021-04-19T11:53:26","date_gmt":"2021-04-19T08:53:26","guid":{"rendered":"http:\/\/www.tuncpet.com\/?post_type=product&#038;p=3183"},"modified":"2021-04-19T11:53:26","modified_gmt":"2021-04-19T08:53:26","slug":"4-lt-deterjan","status":"publish","type":"product","link":"https:\/\/tuncpet.com\/?product=4-lt-deterjan","title":{"rendered":"4 LT DETERJAN"},"content":{"rendered":"<h3>Genel Bak\u0131\u015f<\/h3>\n<p>Temizlik, Kimyasal<\/p>\n<h3>\u00d6zellikler<\/h3>\n<p>Ayr\u0131nt\u0131l\u0131 bilgi i\u00e7in ileti\u015fime ge\u00e7iniz<\/p>\n","protected":false},"excerpt":{"rendered":"<p>4 lt<\/p>\n","protected":false},"featured_media":3184,"comment_status":"open","ping_status":"closed","template":"","meta":[],"_links":{"self":[{"href":"https:\/\/tuncpet.com\/index.php?rest_route=\/wp\/v2\/product\/3183"}],"collection":[{"href":"https:\/\/tuncpet.com\/index.php?rest_route=\/wp\/v2\/product"}],"about":[{"href":"https:\/\/tuncpet.com\/index.php?rest_route=\/wp\/v2\/types\/product"}],"replies":[{"embeddable":true,"href":"https:\/\/tuncpet.com\/index.php?rest_route=%2Fwp%2Fv2%2Fcomments&post=3183"}],"wp:featuredmedia":[{"embeddable":true,"href":"https:\/\/tuncpet.com\/index.php?rest_route=\/wp\/v2\/media\/3184"}],"wp:attachment":[{"href":"https:\/\/tuncpet.com\/index.php?rest_route=%2Fwp%2Fv2%2Fmedia&parent=3183"}],"curies":[{"name":"wp","href":"https:\/\/api.w.org\/{rel}","templated":true}]}}